{"id":603,"date":"2023-10-10T14:58:44","date_gmt":"2023-10-10T14:58:44","guid":{"rendered":"https:\/\/aero-polishing.de\/?page_id=603"},"modified":"2025-01-25T10:37:26","modified_gmt":"2025-01-25T10:37:26","slug":"details","status":"publish","type":"page","link":"http:\/\/aero-polishing.de\/pl\/details","title":{"rendered":"SZCZEG\u00d3\u0141Y US\u0141UG"},"content":{"rendered":"<h5>SZCZEG\u00d3\u0141Y US\u0141UG<\/h5>\t\t\t\n\t\t\t<h5>AERO POLISHING<\/h5><h1>WST\u0118PNE CZYSZCZENIE<\/h1>\t\t\t\n<p>Samoloty s\u0105 intensywnie u\u017cytkowane \u2013 zabrudzenia od oleju i owad\u00f3w s\u0105 nieuniknione. Regularna piel\u0119gnacja to podstawa zachowania ich warto\u015bci. Korzystamy wy\u0142\u0105cznie z certyfikowanych \u015brodk\u00f3w dopuszczonych do u\u017cytku w lotnictwie.<\/p>\n\t\t\t<h5>AERO POLISHING<\/h5><h1>CZYSZCZENIE LAKIERU<\/h1>\t\t\t\n<p>Przed polerowaniem powierzchnie lakierowane s\u0105 dok\u0142adnie oczyszczane r\u0119cznie lub mechanicznie, przy u\u017cyciu specjalistycznych tarcz.<\/p>\n\t\t\t<h5>AERO POLISHING<\/h5><h1>POLEROWANIE<\/h1>\t\t\t\n<p>Nie ka\u017cdy lakier jest taki sam. Do pracy u\u017cywamy wy\u0142\u0105cznie przetestowanych przez nas produkt\u00f3w najwy\u017cszej jako\u015bci oraz urz\u0105dze\u0144 przeznaczonych do delikatnych lakier\u00f3w jednowarstwowych. Dzi\u0119ki temu osi\u0105gamy maksymalny efekt przy zachowaniu bezpiecze\u0144stwa powierzchni.<\/p>\n\t\t\t<h5>AERO POLISHING<\/h5><h1>PRZYGOTOWANIE DO NA\u0141O\u017bENIA POW\u0141OKI CERAMICZNEJ<\/h1>\t\t\t\n<p>Po czyszczeniu i polerowaniu wszystkie lakierowane powierzchnie s\u0105 odt\u0142uszczane. Dopiero po usuni\u0119ciu wszelkich zanieczyszcze\u0144 mo\u017cliwe jest na\u0142o\u017cenie pow\u0142oki ceramicznej.<\/p>\n\t\t\t<h5>AERO POLISHING<\/h5><h1>CZYSZCZENIE WN\u0118TRZA<\/h1>\t\t\t\n<p>Dbamy nie tylko o zewn\u0119trzny wygl\u0105d. Czy\u015bcimy tak\u017ce kokpit, odkurzamy wyk\u0142adziny i stosujemy odpowiednie \u015brodki do ka\u017cdego rodzaju tapicerki. Zapewniamy r\u00f3wnie\u017c perfekcyjn\u0105 przejrzysto\u015b\u0107 szyb.<\/p>\n\t\t\t<h5>AERO POLISHING<\/h5><h1>POW\u0141OKA OCHRONNA<\/h1>\t\t\t\n<p>Nasza pow\u0142oka ceramiczna nadaje g\u0142\u0119boki po\u0142ysk, chroni lakier oraz szyby z tworzywa przed nowymi zabrudzeniami i znacz\u0105co u\u0142atwia czyszczenie. Poprawia tak\u017ce w\u0142a\u015bciwo\u015bci aerodynamiczne samolotu.<\/p>\n\t\t\t<h5>AERO POLISHING<\/h5><h1>EFEKT KO\u0143COWY<\/h1>\t\t\t\n<p>Osi\u0105gni\u0119cie perfekcyjnego efektu wymaga czasu i do\u015bwiadczenia. Przy samolotach klasy E \u015bredni czas realizacji wynosi 18\u201320 godzin.<\/p>\n<p>*Uwaga: Zdj\u0119cia ilustruj\u0105ce poszczeg\u00f3lne etapy maj\u0105 charakter pogl\u0105dowy. Wszystkie prace wykonujemy wy\u0142\u0105cznie w hangarze \u2013 dla zapewnienia profesjonalizmu, bezpiecze\u0144stwa i ochrony \u015brodowiska.<\/p>","protected":false},"excerpt":{"rendered":"<p>DETAILS AERO POLISHING VORREINIGUNG Unsere Flugzeuge werden regelma\u0308\u00dfig stark beansprucht; O\u0308l- und Fliegenru\u0308cksta\u0308nde sind unvermeidbar. Daher ist fu\u0308r den Werterhalt eine regelma\u0308\u00dfige Pflegeroutine unerla\u0308sslich. Fu\u0308r die Reinigung verwenden wir ausschlie\u00dflich luftfahrtzugelassene Reinigungsmittel und Pflegeprodukte von ausgesuchten Partnern. AERO POLISHING LACKREINIGUNG Zur Vorbereitung der Politur reinigen wir den Lack ha\u0308ndisch oder maschinell mit einer speziellen Reinigungsscheibe.&hellip;<\/p>","protected":false},"author":1,"featured_media":0,"parent":0,"menu_order":0,"comment_status":"closed","ping_status":"closed","template":"","meta":{"footnotes":""},"class_list":["post-603","page","type-page","status-publish","hentry"],"yoast_head":"<!-- This site is optimized with the Yoast SEO plugin v22.3 - https:\/\/yoast.com\/wordpress\/plugins\/seo\/ -->\n<title>DETAILS - AERO POLISHING<\/title>\n<meta name=\"description\" content=\"Auch Ihr KFZ \/ Wohnmobil oder Boot ist bei uns in guten H\u00e4nden. F\u00fcr jeden Lack haben wir das richtige Reinigungsprodukt und die richtigen Polituren. Unsere Keramikversiegelung ist nicht nur f\u00fcr Flugzeuglack, sondern auch f\u00fcr Gelcoat und PKW- Lacke perfekt abgestimmt.\" \/>\n<meta name=\"robots\" content=\"index, follow, max-snippet:-1, max-image-preview:large, max-video-preview:-1\" \/>\n<link rel=\"canonical\" href=\"https:\/\/aero-polishing.de\/pl\/details\/\" \/>\n<meta property=\"og:locale\" content=\"pl_PL\" \/>\n<meta property=\"og:type\" content=\"article\" \/>\n<meta property=\"og:title\" content=\"DETAILS - AERO POLISHING\" \/>\n<meta property=\"og:description\" content=\"Auch Ihr KFZ \/ Wohnmobil oder Boot ist bei uns in guten H\u00e4nden. F\u00fcr jeden Lack haben wir das richtige Reinigungsprodukt und die richtigen Polituren. Unsere Keramikversiegelung ist nicht nur f\u00fcr Flugzeuglack, sondern auch f\u00fcr Gelcoat und PKW- Lacke perfekt abgestimmt.\" \/>\n<meta property=\"og:url\" content=\"https:\/\/aero-polishing.de\/pl\/details\/\" \/>\n<meta property=\"og:site_name\" content=\"AERO POLISHING\" \/>\n<meta property=\"article:modified_time\" content=\"2025-01-25T10:37:26+00:00\" \/>\n<meta name=\"twitter:card\" content=\"summary_large_image\" \/>\n<meta name=\"twitter:label1\" content=\"Szacowany czas czytania\" \/>\n\t<meta name=\"twitter:data1\" content=\"2 minuty\" \/>\n<script type=\"application\/ld+json\" class=\"yoast-schema-graph\">{\"@context\":\"https:\/\/schema.org\",\"@graph\":[{\"@type\":\"WebPage\",\"@id\":\"https:\/\/aero-polishing.de\/details\",\"url\":\"https:\/\/aero-polishing.de\/details\",\"name\":\"DETAILS - AERO POLISHING\",\"isPartOf\":{\"@id\":\"https:\/\/aero-polishing.de\/#website\"},\"datePublished\":\"2023-10-10T14:58:44+00:00\",\"dateModified\":\"2025-01-25T10:37:26+00:00\",\"description\":\"Auch Ihr KFZ \/ Wohnmobil oder Boot ist bei uns in guten H\u00e4nden. F\u00fcr jeden Lack haben wir das richtige Reinigungsprodukt und die richtigen Polituren. Unsere Keramikversiegelung ist nicht nur f\u00fcr Flugzeuglack, sondern auch f\u00fcr Gelcoat und PKW- Lacke perfekt abgestimmt.\",\"breadcrumb\":{\"@id\":\"https:\/\/aero-polishing.de\/details#breadcrumb\"},\"inLanguage\":\"pl-PL\",\"potentialAction\":[{\"@type\":\"ReadAction\",\"target\":[\"https:\/\/aero-polishing.de\/details\"]}]},{\"@type\":\"BreadcrumbList\",\"@id\":\"https:\/\/aero-polishing.de\/details#breadcrumb\",\"itemListElement\":[{\"@type\":\"ListItem\",\"position\":1,\"name\":\"Strona g\u0142\u00f3wna\",\"item\":\"https:\/\/aero-polishing.de\/\"},{\"@type\":\"ListItem\",\"position\":2,\"name\":\"DETAILS\"}]},{\"@type\":\"WebSite\",\"@id\":\"https:\/\/aero-polishing.de\/#website\",\"url\":\"https:\/\/aero-polishing.de\/\",\"name\":\"AERO POLISHING\",\"description\":\"Gl\u00e4nzendes Finish f\u00fcr H\u00f6henfl\u00fcge\",\"publisher\":{\"@id\":\"https:\/\/aero-polishing.de\/#organization\"},\"potentialAction\":[{\"@type\":\"SearchAction\",\"target\":{\"@type\":\"EntryPoint\",\"urlTemplate\":\"https:\/\/aero-polishing.de\/?s={search_term_string}\"},\"query-input\":\"required name=search_term_string\"}],\"inLanguage\":\"pl-PL\"},{\"@type\":\"Organization\",\"@id\":\"https:\/\/aero-polishing.de\/#organization\",\"name\":\"AERO POLISHING\",\"url\":\"https:\/\/aero-polishing.de\/\",\"logo\":{\"@type\":\"ImageObject\",\"inLanguage\":\"pl-PL\",\"@id\":\"https:\/\/aero-polishing.de\/#\/schema\/logo\/image\/\",\"url\":\"https:\/\/aero-polish.de\/wp-content\/uploads\/2023\/08\/Logo.png\",\"contentUrl\":\"https:\/\/aero-polish.de\/wp-content\/uploads\/2023\/08\/Logo.png\",\"width\":2000,\"height\":1252,\"caption\":\"AERO POLISHING\"},\"image\":{\"@id\":\"https:\/\/aero-polishing.de\/#\/schema\/logo\/image\/\"}}]}<\/script>\n<!-- \/ Yoast SEO plugin. -->","yoast_head_json":{"title":"DETAILS - AERO POLISHING","description":"Auch Ihr KFZ \/ Wohnmobil oder Boot ist bei uns in guten H\u00e4nden. F\u00fcr jeden Lack haben wir das richtige Reinigungsprodukt und die richtigen Polituren. Unsere Keramikversiegelung ist nicht nur f\u00fcr Flugzeuglack, sondern auch f\u00fcr Gelcoat und PKW- Lacke perfekt abgestimmt.","robots":{"index":"index","follow":"follow","max-snippet":"max-snippet:-1","max-image-preview":"max-image-preview:large","max-video-preview":"max-video-preview:-1"},"canonical":"https:\/\/aero-polishing.de\/pl\/details\/","og_locale":"pl_PL","og_type":"article","og_title":"DETAILS - AERO POLISHING","og_description":"Auch Ihr KFZ \/ Wohnmobil oder Boot ist bei uns in guten H\u00e4nden. F\u00fcr jeden Lack haben wir das richtige Reinigungsprodukt und die richtigen Polituren. Unsere Keramikversiegelung ist nicht nur f\u00fcr Flugzeuglack, sondern auch f\u00fcr Gelcoat und PKW- Lacke perfekt abgestimmt.","og_url":"https:\/\/aero-polishing.de\/pl\/details\/","og_site_name":"AERO POLISHING","article_modified_time":"2025-01-25T10:37:26+00:00","twitter_card":"summary_large_image","twitter_misc":{"Szacowany czas czytania":"2 minuty"},"schema":{"@context":"https:\/\/schema.org","@graph":[{"@type":"WebPage","@id":"https:\/\/aero-polishing.de\/details","url":"https:\/\/aero-polishing.de\/details","name":"DETAILS - AERO POLISHING","isPartOf":{"@id":"https:\/\/aero-polishing.de\/#website"},"datePublished":"2023-10-10T14:58:44+00:00","dateModified":"2025-01-25T10:37:26+00:00","description":"Auch Ihr KFZ \/ Wohnmobil oder Boot ist bei uns in guten H\u00e4nden. F\u00fcr jeden Lack haben wir das richtige Reinigungsprodukt und die richtigen Polituren. Unsere Keramikversiegelung ist nicht nur f\u00fcr Flugzeuglack, sondern auch f\u00fcr Gelcoat und PKW- Lacke perfekt abgestimmt.","breadcrumb":{"@id":"https:\/\/aero-polishing.de\/details#breadcrumb"},"inLanguage":"pl-PL","potentialAction":[{"@type":"ReadAction","target":["https:\/\/aero-polishing.de\/details"]}]},{"@type":"BreadcrumbList","@id":"https:\/\/aero-polishing.de\/details#breadcrumb","itemListElement":[{"@type":"ListItem","position":1,"name":"Strona g\u0142\u00f3wna","item":"https:\/\/aero-polishing.de\/"},{"@type":"ListItem","position":2,"name":"DETAILS"}]},{"@type":"WebSite","@id":"https:\/\/aero-polishing.de\/#website","url":"https:\/\/aero-polishing.de\/","name":"AERO POLISHING","description":"Gl\u00e4nzendes Finish f\u00fcr H\u00f6henfl\u00fcge","publisher":{"@id":"https:\/\/aero-polishing.de\/#organization"},"potentialAction":[{"@type":"SearchAction","target":{"@type":"EntryPoint","urlTemplate":"https:\/\/aero-polishing.de\/?s={search_term_string}"},"query-input":"required name=search_term_string"}],"inLanguage":"pl-PL"},{"@type":"Organization","@id":"https:\/\/aero-polishing.de\/#organization","name":"AERO POLISHING","url":"https:\/\/aero-polishing.de\/","logo":{"@type":"ImageObject","inLanguage":"pl-PL","@id":"https:\/\/aero-polishing.de\/#\/schema\/logo\/image\/","url":"https:\/\/aero-polish.de\/wp-content\/uploads\/2023\/08\/Logo.png","contentUrl":"https:\/\/aero-polish.de\/wp-content\/uploads\/2023\/08\/Logo.png","width":2000,"height":1252,"caption":"AERO POLISHING"},"image":{"@id":"https:\/\/aero-polishing.de\/#\/schema\/logo\/image\/"}}]}},"_links":{"self":[{"href":"http:\/\/aero-polishing.de\/pl\/wp-json\/wp\/v2\/pages\/603","targetHints":{"allow":["GET"]}}],"collection":[{"href":"http:\/\/aero-polishing.de\/pl\/wp-json\/wp\/v2\/pages"}],"about":[{"href":"http:\/\/aero-polishing.de\/pl\/wp-json\/wp\/v2\/types\/page"}],"author":[{"embeddable":true,"href":"http:\/\/aero-polishing.de\/pl\/wp-json\/wp\/v2\/users\/1"}],"replies":[{"embeddable":true,"href":"http:\/\/aero-polishing.de\/pl\/wp-json\/wp\/v2\/comments?post=603"}],"version-history":[{"count":2,"href":"http:\/\/aero-polishing.de\/pl\/wp-json\/wp\/v2\/pages\/603\/revisions"}],"predecessor-version":[{"id":788,"href":"http:\/\/aero-polishing.de\/pl\/wp-json\/wp\/v2\/pages\/603\/revisions\/788"}],"wp:attachment":[{"href":"http:\/\/aero-polishing.de\/pl\/wp-json\/wp\/v2\/media?parent=603"}],"curies":[{"name":"wp","href":"https:\/\/api.w.org\/{rel}","templated":true}]}}