{"id":457,"date":"2023-08-07T19:27:33","date_gmt":"2023-08-07T19:27:33","guid":{"rendered":"https:\/\/aero-polish.de\/?page_id=457"},"modified":"2025-01-25T09:52:44","modified_gmt":"2025-01-25T09:52:44","slug":"weitere-leistungen","status":"publish","type":"page","link":"http:\/\/aero-polishing.de\/pl\/weitere-leistungen","title":{"rendered":"DODATKOWE US\u0141UGI"},"content":{"rendered":"<h5>DODATKOWE US\u0141UGI<\/h5>\t\t\t\n\t\t\t<h5>AERO POLISHING<\/h5><h1>\u0141ODZIE<\/h1>\t\t\t\n\t\t\t\t<p>Twoja \u0142\u00f3d\u017a w dobrych r\u0119kach! Dzi\u0119ki wieloletniemu do\u015bwiadczeniu oferujemy fachowe doradztwo zar\u00f3wno dla \u017cagl\u00f3wek, jak i \u0142odzi motorowych. Prace wykonujemy na miejscu \u2013 w magazynie lub przy nabrze\u017cu. Opr\u00f3cz zewn\u0119trznego przygotowania oferujemy r\u00f3wnie\u017c czyszczenie kabiny lub kokpitu. U\u017cywamy specjalistycznych past polerskich i \u015brodk\u00f3w czyszcz\u0105cych, sprawdzonych w \u015brodowisku wodnym.<\/p>\n\t\t\t<h2>Pakiet ALL IN ONE:<\/h2>\t\t\t\n\t\t\t<h5>AERO POLISHING<\/h5><h1>POJAZDY<\/h1>\t\t\t\n\t\t\t\t<p>Klienci powierzaj\u0105cy nam swoje samoloty i \u0142odzie, cz\u0119sto pytaj\u0105 r\u00f3wnie\u017c o piel\u0119gnacj\u0119 swoich samochod\u00f3w \u2013 prywatnych lub firmowych. Znamy oczekiwania naszych klient\u00f3w, dlatego tak\u017ce w tym przypadku stawiamy na najwy\u017cszej jako\u015bci produkty i sprawdzone techniki. Przygotowanie samochodu to proces wieloetapowy, w kt\u00f3rym ka\u017cdy krok ma znaczenie.<\/p>\n<p>\u00a0<\/p>\n\t\t\t<h2>Pakiet ALL IN ONE<\/h2>","protected":false},"excerpt":{"rendered":"<p>WEITERE LEISTUNGEN AERO POLISHING BOOTE Selbstverst\u00e4ndlich befindet sich bei uns auch Ihr Boot in guten H\u00e4nden. Durch unsere langj\u00e4hrige Erfahrung ist es uns m\u00f6glich, Sie auch hier fachgerecht und kompetent zu beraten. Egal, ob es sich um ein Segel- oder Motorboot handelt. Auch f\u00fcr diese Arbeiten bringen wir unser Equipment in Ihr Winterlager oder zu&hellip;<\/p>","protected":false},"author":1,"featured_media":0,"parent":0,"menu_order":0,"comment_status":"closed","ping_status":"closed","template":"","meta":{"footnotes":""},"class_list":["post-457","page","type-page","status-publish","hentry"],"yoast_head":"<!-- This site is optimized with the Yoast SEO plugin v22.3 - https:\/\/yoast.com\/wordpress\/plugins\/seo\/ -->\n<title>WEITERE LEISTUNGEN - AERO POLISHING<\/title>\n<meta name=\"description\" content=\"Auch Ihr KFZ \/ Wohnmobil oder Boot ist bei uns in guten H\u00e4nden. F\u00fcr jeden Lack haben wir das richtige Reinigungsprodukt und die richtigen Polituren. Unsere Keramikversiegelung ist nicht nur f\u00fcr Flugzeuglack, sondern auch f\u00fcr Gelcoat und PKW- Lacke perfekt abgestimmt.\" \/>\n<meta name=\"robots\" content=\"index, follow, max-snippet:-1, max-image-preview:large, max-video-preview:-1\" \/>\n<link rel=\"canonical\" href=\"https:\/\/aero-polishing.de\/pl\/weitere-leistungen\/\" \/>\n<meta property=\"og:locale\" content=\"pl_PL\" \/>\n<meta property=\"og:type\" content=\"article\" \/>\n<meta property=\"og:title\" content=\"WEITERE LEISTUNGEN - AERO POLISHING\" \/>\n<meta property=\"og:description\" content=\"Auch Ihr KFZ \/ Wohnmobil oder Boot ist bei uns in guten H\u00e4nden. F\u00fcr jeden Lack haben wir das richtige Reinigungsprodukt und die richtigen Polituren. Unsere Keramikversiegelung ist nicht nur f\u00fcr Flugzeuglack, sondern auch f\u00fcr Gelcoat und PKW- Lacke perfekt abgestimmt.\" \/>\n<meta property=\"og:url\" content=\"https:\/\/aero-polishing.de\/pl\/weitere-leistungen\/\" \/>\n<meta property=\"og:site_name\" content=\"AERO POLISHING\" \/>\n<meta property=\"article:modified_time\" content=\"2025-01-25T09:52:44+00:00\" \/>\n<meta name=\"twitter:card\" content=\"summary_large_image\" \/>\n<meta name=\"twitter:label1\" content=\"Szacowany czas czytania\" \/>\n\t<meta name=\"twitter:data1\" content=\"2 minuty\" \/>\n<script type=\"application\/ld+json\" class=\"yoast-schema-graph\">{\"@context\":\"https:\/\/schema.org\",\"@graph\":[{\"@type\":\"WebPage\",\"@id\":\"https:\/\/aero-polishing.de\/weitere-leistungen\",\"url\":\"https:\/\/aero-polishing.de\/weitere-leistungen\",\"name\":\"WEITERE LEISTUNGEN - AERO POLISHING\",\"isPartOf\":{\"@id\":\"https:\/\/aero-polishing.de\/#website\"},\"datePublished\":\"2023-08-07T19:27:33+00:00\",\"dateModified\":\"2025-01-25T09:52:44+00:00\",\"description\":\"Auch Ihr KFZ \/ Wohnmobil oder Boot ist bei uns in guten H\u00e4nden. F\u00fcr jeden Lack haben wir das richtige Reinigungsprodukt und die richtigen Polituren. Unsere Keramikversiegelung ist nicht nur f\u00fcr Flugzeuglack, sondern auch f\u00fcr Gelcoat und PKW- Lacke perfekt abgestimmt.\",\"breadcrumb\":{\"@id\":\"https:\/\/aero-polishing.de\/weitere-leistungen#breadcrumb\"},\"inLanguage\":\"pl-PL\",\"potentialAction\":[{\"@type\":\"ReadAction\",\"target\":[\"https:\/\/aero-polishing.de\/weitere-leistungen\"]}]},{\"@type\":\"BreadcrumbList\",\"@id\":\"https:\/\/aero-polishing.de\/weitere-leistungen#breadcrumb\",\"itemListElement\":[{\"@type\":\"ListItem\",\"position\":1,\"name\":\"Strona g\u0142\u00f3wna\",\"item\":\"https:\/\/aero-polishing.de\/\"},{\"@type\":\"ListItem\",\"position\":2,\"name\":\"WEITERE LEISTUNGEN\"}]},{\"@type\":\"WebSite\",\"@id\":\"https:\/\/aero-polishing.de\/#website\",\"url\":\"https:\/\/aero-polishing.de\/\",\"name\":\"AERO POLISHING\",\"description\":\"Gl\u00e4nzendes Finish f\u00fcr H\u00f6henfl\u00fcge\",\"publisher\":{\"@id\":\"https:\/\/aero-polishing.de\/#organization\"},\"potentialAction\":[{\"@type\":\"SearchAction\",\"target\":{\"@type\":\"EntryPoint\",\"urlTemplate\":\"https:\/\/aero-polishing.de\/?s={search_term_string}\"},\"query-input\":\"required name=search_term_string\"}],\"inLanguage\":\"pl-PL\"},{\"@type\":\"Organization\",\"@id\":\"https:\/\/aero-polishing.de\/#organization\",\"name\":\"AERO POLISHING\",\"url\":\"https:\/\/aero-polishing.de\/\",\"logo\":{\"@type\":\"ImageObject\",\"inLanguage\":\"pl-PL\",\"@id\":\"https:\/\/aero-polishing.de\/#\/schema\/logo\/image\/\",\"url\":\"https:\/\/aero-polish.de\/wp-content\/uploads\/2023\/08\/Logo.png\",\"contentUrl\":\"https:\/\/aero-polish.de\/wp-content\/uploads\/2023\/08\/Logo.png\",\"width\":2000,\"height\":1252,\"caption\":\"AERO POLISHING\"},\"image\":{\"@id\":\"https:\/\/aero-polishing.de\/#\/schema\/logo\/image\/\"}}]}<\/script>\n<!-- \/ Yoast SEO plugin. -->","yoast_head_json":{"title":"WEITERE LEISTUNGEN - AERO POLISHING","description":"Auch Ihr KFZ \/ Wohnmobil oder Boot ist bei uns in guten H\u00e4nden. F\u00fcr jeden Lack haben wir das richtige Reinigungsprodukt und die richtigen Polituren. Unsere Keramikversiegelung ist nicht nur f\u00fcr Flugzeuglack, sondern auch f\u00fcr Gelcoat und PKW- Lacke perfekt abgestimmt.","robots":{"index":"index","follow":"follow","max-snippet":"max-snippet:-1","max-image-preview":"max-image-preview:large","max-video-preview":"max-video-preview:-1"},"canonical":"https:\/\/aero-polishing.de\/pl\/weitere-leistungen\/","og_locale":"pl_PL","og_type":"article","og_title":"WEITERE LEISTUNGEN - AERO POLISHING","og_description":"Auch Ihr KFZ \/ Wohnmobil oder Boot ist bei uns in guten H\u00e4nden. F\u00fcr jeden Lack haben wir das richtige Reinigungsprodukt und die richtigen Polituren. Unsere Keramikversiegelung ist nicht nur f\u00fcr Flugzeuglack, sondern auch f\u00fcr Gelcoat und PKW- Lacke perfekt abgestimmt.","og_url":"https:\/\/aero-polishing.de\/pl\/weitere-leistungen\/","og_site_name":"AERO POLISHING","article_modified_time":"2025-01-25T09:52:44+00:00","twitter_card":"summary_large_image","twitter_misc":{"Szacowany czas czytania":"2 minuty"},"schema":{"@context":"https:\/\/schema.org","@graph":[{"@type":"WebPage","@id":"https:\/\/aero-polishing.de\/weitere-leistungen","url":"https:\/\/aero-polishing.de\/weitere-leistungen","name":"WEITERE LEISTUNGEN - AERO POLISHING","isPartOf":{"@id":"https:\/\/aero-polishing.de\/#website"},"datePublished":"2023-08-07T19:27:33+00:00","dateModified":"2025-01-25T09:52:44+00:00","description":"Auch Ihr KFZ \/ Wohnmobil oder Boot ist bei uns in guten H\u00e4nden. F\u00fcr jeden Lack haben wir das richtige Reinigungsprodukt und die richtigen Polituren. Unsere Keramikversiegelung ist nicht nur f\u00fcr Flugzeuglack, sondern auch f\u00fcr Gelcoat und PKW- Lacke perfekt abgestimmt.","breadcrumb":{"@id":"https:\/\/aero-polishing.de\/weitere-leistungen#breadcrumb"},"inLanguage":"pl-PL","potentialAction":[{"@type":"ReadAction","target":["https:\/\/aero-polishing.de\/weitere-leistungen"]}]},{"@type":"BreadcrumbList","@id":"https:\/\/aero-polishing.de\/weitere-leistungen#breadcrumb","itemListElement":[{"@type":"ListItem","position":1,"name":"Strona g\u0142\u00f3wna","item":"https:\/\/aero-polishing.de\/"},{"@type":"ListItem","position":2,"name":"WEITERE LEISTUNGEN"}]},{"@type":"WebSite","@id":"https:\/\/aero-polishing.de\/#website","url":"https:\/\/aero-polishing.de\/","name":"AERO POLISHING","description":"Gl\u00e4nzendes Finish f\u00fcr H\u00f6henfl\u00fcge","publisher":{"@id":"https:\/\/aero-polishing.de\/#organization"},"potentialAction":[{"@type":"SearchAction","target":{"@type":"EntryPoint","urlTemplate":"https:\/\/aero-polishing.de\/?s={search_term_string}"},"query-input":"required name=search_term_string"}],"inLanguage":"pl-PL"},{"@type":"Organization","@id":"https:\/\/aero-polishing.de\/#organization","name":"AERO POLISHING","url":"https:\/\/aero-polishing.de\/","logo":{"@type":"ImageObject","inLanguage":"pl-PL","@id":"https:\/\/aero-polishing.de\/#\/schema\/logo\/image\/","url":"https:\/\/aero-polish.de\/wp-content\/uploads\/2023\/08\/Logo.png","contentUrl":"https:\/\/aero-polish.de\/wp-content\/uploads\/2023\/08\/Logo.png","width":2000,"height":1252,"caption":"AERO POLISHING"},"image":{"@id":"https:\/\/aero-polishing.de\/#\/schema\/logo\/image\/"}}]}},"_links":{"self":[{"href":"http:\/\/aero-polishing.de\/pl\/wp-json\/wp\/v2\/pages\/457","targetHints":{"allow":["GET"]}}],"collection":[{"href":"http:\/\/aero-polishing.de\/pl\/wp-json\/wp\/v2\/pages"}],"about":[{"href":"http:\/\/aero-polishing.de\/pl\/wp-json\/wp\/v2\/types\/page"}],"author":[{"embeddable":true,"href":"http:\/\/aero-polishing.de\/pl\/wp-json\/wp\/v2\/users\/1"}],"replies":[{"embeddable":true,"href":"http:\/\/aero-polishing.de\/pl\/wp-json\/wp\/v2\/comments?post=457"}],"version-history":[{"count":2,"href":"http:\/\/aero-polishing.de\/pl\/wp-json\/wp\/v2\/pages\/457\/revisions"}],"predecessor-version":[{"id":778,"href":"http:\/\/aero-polishing.de\/pl\/wp-json\/wp\/v2\/pages\/457\/revisions\/778"}],"wp:attachment":[{"href":"http:\/\/aero-polishing.de\/pl\/wp-json\/wp\/v2\/media?parent=457"}],"curies":[{"name":"wp","href":"https:\/\/api.w.org\/{rel}","templated":true}]}}