{"id":256,"date":"2023-07-20T08:11:16","date_gmt":"2023-07-20T08:11:16","guid":{"rendered":"http:\/\/s966125543.online.de\/?page_id=256"},"modified":"2024-09-19T10:19:37","modified_gmt":"2024-09-19T10:19:37","slug":"impressum","status":"publish","type":"page","link":"http:\/\/aero-polishing.de\/pl\/impressum","title":{"rendered":"IMPRESSUM"},"content":{"rendered":"<h5>IMPRESSUM<\/h5>\t\t\t\n\t\t\t<h5>Dane kontaktowe<\/h5>\t\t\t\n\t\t\t\t<p>Bj\u00f6rn Tretow<br \/>Wriedsal 5<br \/>25524 Heiligenstedten<\/p>\n<p><a href=\"mailto:moin@aero-polishing.de\">moin@aero-polishing.de<\/a><br \/>+49 (0) 176 34908322<br \/>NIP UE: DE355161388<\/p>","protected":false},"excerpt":{"rendered":"<p>IMPRESSUM KONTAKTDATEN Bj\u00f6rn TretowWriedsal 525524 Heiligenstedten moin@aero-polishing.de+49 (0) 176 34908322USt-IdNr: DE355161388<\/p>","protected":false},"author":1,"featured_media":0,"parent":0,"menu_order":0,"comment_status":"closed","ping_status":"closed","template":"","meta":{"footnotes":""},"class_list":["post-256","page","type-page","status-publish","hentry"],"yoast_head":"<!-- This site is optimized with the Yoast SEO plugin v22.3 - https:\/\/yoast.com\/wordpress\/plugins\/seo\/ -->\n<title>IMPRESSUM - AERO POLISHING<\/title>\n<meta name=\"robots\" content=\"index, follow, max-snippet:-1, max-image-preview:large, max-video-preview:-1\" \/>\n<link rel=\"canonical\" href=\"https:\/\/aero-polishing.de\/pl\/impressum\/\" \/>\n<meta property=\"og:locale\" content=\"pl_PL\" \/>\n<meta property=\"og:type\" content=\"article\" \/>\n<meta property=\"og:title\" content=\"IMPRESSUM - AERO POLISHING\" \/>\n<meta property=\"og:description\" content=\"IMPRESSUM KONTAKTDATEN Bj\u00f6rn TretowWriedsal 525524 Heiligenstedten moin@aero-polishing.de+49 (0) 176 34908322USt-IdNr: DE355161388\" \/>\n<meta property=\"og:url\" content=\"https:\/\/aero-polishing.de\/pl\/impressum\/\" \/>\n<meta property=\"og:site_name\" content=\"AERO POLISHING\" \/>\n<meta property=\"article:modified_time\" content=\"2024-09-19T10:19:37+00:00\" \/>\n<meta name=\"twitter:card\" content=\"summary_large_image\" \/>\n<meta name=\"twitter:label1\" content=\"Szacowany czas czytania\" \/>\n\t<meta name=\"twitter:data1\" content=\"1 minuta\" \/>\n<script type=\"application\/ld+json\" class=\"yoast-schema-graph\">{\"@context\":\"https:\/\/schema.org\",\"@graph\":[{\"@type\":\"WebPage\",\"@id\":\"https:\/\/aero-polishing.de\/impressum\",\"url\":\"https:\/\/aero-polishing.de\/impressum\",\"name\":\"IMPRESSUM - AERO POLISHING\",\"isPartOf\":{\"@id\":\"https:\/\/aero-polishing.de\/#website\"},\"datePublished\":\"2023-07-20T08:11:16+00:00\",\"dateModified\":\"2024-09-19T10:19:37+00:00\",\"breadcrumb\":{\"@id\":\"https:\/\/aero-polishing.de\/impressum#breadcrumb\"},\"inLanguage\":\"pl-PL\",\"potentialAction\":[{\"@type\":\"ReadAction\",\"target\":[\"https:\/\/aero-polishing.de\/impressum\"]}]},{\"@type\":\"BreadcrumbList\",\"@id\":\"https:\/\/aero-polishing.de\/impressum#breadcrumb\",\"itemListElement\":[{\"@type\":\"ListItem\",\"position\":1,\"name\":\"Strona g\u0142\u00f3wna\",\"item\":\"https:\/\/aero-polishing.de\/\"},{\"@type\":\"ListItem\",\"position\":2,\"name\":\"IMPRESSUM\"}]},{\"@type\":\"WebSite\",\"@id\":\"https:\/\/aero-polishing.de\/#website\",\"url\":\"https:\/\/aero-polishing.de\/\",\"name\":\"AERO POLISHING\",\"description\":\"Gl\u00e4nzendes Finish f\u00fcr H\u00f6henfl\u00fcge\",\"publisher\":{\"@id\":\"https:\/\/aero-polishing.de\/#organization\"},\"potentialAction\":[{\"@type\":\"SearchAction\",\"target\":{\"@type\":\"EntryPoint\",\"urlTemplate\":\"https:\/\/aero-polishing.de\/?s={search_term_string}\"},\"query-input\":\"required name=search_term_string\"}],\"inLanguage\":\"pl-PL\"},{\"@type\":\"Organization\",\"@id\":\"https:\/\/aero-polishing.de\/#organization\",\"name\":\"AERO POLISHING\",\"url\":\"https:\/\/aero-polishing.de\/\",\"logo\":{\"@type\":\"ImageObject\",\"inLanguage\":\"pl-PL\",\"@id\":\"https:\/\/aero-polishing.de\/#\/schema\/logo\/image\/\",\"url\":\"https:\/\/aero-polish.de\/wp-content\/uploads\/2023\/08\/Logo.png\",\"contentUrl\":\"https:\/\/aero-polish.de\/wp-content\/uploads\/2023\/08\/Logo.png\",\"width\":2000,\"height\":1252,\"caption\":\"AERO POLISHING\"},\"image\":{\"@id\":\"https:\/\/aero-polishing.de\/#\/schema\/logo\/image\/\"}}]}<\/script>\n<!-- \/ Yoast SEO plugin. -->","yoast_head_json":{"title":"IMPRESSUM - AERO POLISHING","robots":{"index":"index","follow":"follow","max-snippet":"max-snippet:-1","max-image-preview":"max-image-preview:large","max-video-preview":"max-video-preview:-1"},"canonical":"https:\/\/aero-polishing.de\/pl\/impressum\/","og_locale":"pl_PL","og_type":"article","og_title":"IMPRESSUM - AERO POLISHING","og_description":"IMPRESSUM KONTAKTDATEN Bj\u00f6rn TretowWriedsal 525524 Heiligenstedten moin@aero-polishing.de+49 (0) 176 34908322USt-IdNr: DE355161388","og_url":"https:\/\/aero-polishing.de\/pl\/impressum\/","og_site_name":"AERO POLISHING","article_modified_time":"2024-09-19T10:19:37+00:00","twitter_card":"summary_large_image","twitter_misc":{"Szacowany czas czytania":"1 minuta"},"schema":{"@context":"https:\/\/schema.org","@graph":[{"@type":"WebPage","@id":"https:\/\/aero-polishing.de\/impressum","url":"https:\/\/aero-polishing.de\/impressum","name":"IMPRESSUM - AERO POLISHING","isPartOf":{"@id":"https:\/\/aero-polishing.de\/#website"},"datePublished":"2023-07-20T08:11:16+00:00","dateModified":"2024-09-19T10:19:37+00:00","breadcrumb":{"@id":"https:\/\/aero-polishing.de\/impressum#breadcrumb"},"inLanguage":"pl-PL","potentialAction":[{"@type":"ReadAction","target":["https:\/\/aero-polishing.de\/impressum"]}]},{"@type":"BreadcrumbList","@id":"https:\/\/aero-polishing.de\/impressum#breadcrumb","itemListElement":[{"@type":"ListItem","position":1,"name":"Strona g\u0142\u00f3wna","item":"https:\/\/aero-polishing.de\/"},{"@type":"ListItem","position":2,"name":"IMPRESSUM"}]},{"@type":"WebSite","@id":"https:\/\/aero-polishing.de\/#website","url":"https:\/\/aero-polishing.de\/","name":"AERO POLISHING","description":"Gl\u00e4nzendes Finish f\u00fcr H\u00f6henfl\u00fcge","publisher":{"@id":"https:\/\/aero-polishing.de\/#organization"},"potentialAction":[{"@type":"SearchAction","target":{"@type":"EntryPoint","urlTemplate":"https:\/\/aero-polishing.de\/?s={search_term_string}"},"query-input":"required name=search_term_string"}],"inLanguage":"pl-PL"},{"@type":"Organization","@id":"https:\/\/aero-polishing.de\/#organization","name":"AERO POLISHING","url":"https:\/\/aero-polishing.de\/","logo":{"@type":"ImageObject","inLanguage":"pl-PL","@id":"https:\/\/aero-polishing.de\/#\/schema\/logo\/image\/","url":"https:\/\/aero-polish.de\/wp-content\/uploads\/2023\/08\/Logo.png","contentUrl":"https:\/\/aero-polish.de\/wp-content\/uploads\/2023\/08\/Logo.png","width":2000,"height":1252,"caption":"AERO POLISHING"},"image":{"@id":"https:\/\/aero-polishing.de\/#\/schema\/logo\/image\/"}}]}},"_links":{"self":[{"href":"http:\/\/aero-polishing.de\/pl\/wp-json\/wp\/v2\/pages\/256","targetHints":{"allow":["GET"]}}],"collection":[{"href":"http:\/\/aero-polishing.de\/pl\/wp-json\/wp\/v2\/pages"}],"about":[{"href":"http:\/\/aero-polishing.de\/pl\/wp-json\/wp\/v2\/types\/page"}],"author":[{"embeddable":true,"href":"http:\/\/aero-polishing.de\/pl\/wp-json\/wp\/v2\/users\/1"}],"replies":[{"embeddable":true,"href":"http:\/\/aero-polishing.de\/pl\/wp-json\/wp\/v2\/comments?post=256"}],"version-history":[{"count":3,"href":"http:\/\/aero-polishing.de\/pl\/wp-json\/wp\/v2\/pages\/256\/revisions"}],"predecessor-version":[{"id":771,"href":"http:\/\/aero-polishing.de\/pl\/wp-json\/wp\/v2\/pages\/256\/revisions\/771"}],"wp:attachment":[{"href":"http:\/\/aero-polishing.de\/pl\/wp-json\/wp\/v2\/media?parent=256"}],"curies":[{"name":"wp","href":"https:\/\/api.w.org\/{rel}","templated":true}]}}