{"id":176,"date":"2023-07-19T08:52:38","date_gmt":"2023-07-19T08:52:38","guid":{"rendered":"http:\/\/s966125543.online.de\/?page_id=176"},"modified":"2025-04-30T09:12:25","modified_gmt":"2025-04-30T09:12:25","slug":"aero-polishing","status":"publish","type":"page","link":"http:\/\/aero-polishing.de\/pl\/","title":{"rendered":"AERO POLISHING"},"content":{"rendered":"<h1>Perfekcja w ka\u017cdym detalu<\/h1><h5>L\u015bni\u0105ce wyko\u0144czenie dla podniebnych lot\u00f3w<\/h5>\t\t\t\n\t\t\t<a href=\"\/pl\/#unsere_arbeiten\" target=\"_self\"   role=\"button\" aria-label=\"NASZE REALIZACJE\">\n\t\t\t\t\t\t\tNASZE REALIZACJE\n\t\t<\/a>\n\t\t\t<h1>AERO POLISHING<\/h1><h5> Szczeg\u00f3\u0142y dotycz\u0105ce czyszczenia<\/h5>\t\t\t\n\t\t\t\t<p>Aby zapewni\u0107 perfekcyjne przygotowanie samolotu, dostarczamy nasz profesjonalny sprz\u0119t bezpo\u015brednio do Twojego hangaru. W zale\u017cno\u015bci od stanu lakieru przygotujemy dla Ciebie indywidualn\u0105 ofert\u0119. Dzi\u0119ki polerowaniu zmatowia\u0142y lakier odzyskuje sw\u00f3j blask, a ko\u0144cowa pow\u0142oka ceramiczna chroni samolot przed dzia\u0142aniem czynnik\u00f3w atmosferycznych i u\u0142atwia jego dalsz\u0105 piel\u0119gnacj\u0119.<\/p>\n<p>Dzi\u0119ki kompleksowej renowacji zyskujesz nie tylko imponuj\u0105cy efekt wizualny \u2013 dbasz r\u00f3wnie\u017c o zachowanie warto\u015bci swojego samolotu. Jednak to nie wszystko \u2013 nie poprzestajemy na zapewnieniu idealnego wygl\u0105du. Z przyjemno\u015bci\u0105 om\u00f3wimy z Tob\u0105 dalsze zalecenia dotycz\u0105ce piel\u0119gnacji i udzielimy kompleksowej porady. Budowanie d\u0142ugofalowych relacji z klientami jest dla nas priorytetem.<\/p>\n\t\t\t<h5>AERO POLISHING<\/h5><h1>CZYSZCZENIE<\/h1>\t\t\t\n\t\t\t\t<p>Samoloty s\u0105 intensywnie eksploatowane, co sprawia, \u017ce szybko ulegaj\u0105 zabrudzeniom. \u015alady oleju oraz pozosta\u0142o\u015bci owad\u00f3w s\u0105 nieuniknione, dlatego regularna piel\u0119gnacja jest kluczowa dla zachowania ich warto\u015bci. Do czyszczenia u\u017cywamy wy\u0142\u0105cznie \u015brodk\u00f3w i preparat\u00f3w piel\u0119gnacyjnych dopuszczonych do u\u017cytku w lotnictwie, pochodz\u0105cych od starannie wyselekcjonowanych partner\u00f3w.<\/p>\n\t\t\t<h5>AERO POLISHING<\/h5><h1> POLEROWANIE<\/h1>\t\t\t\n\t\t\t\t<p>Ka\u017cdy lakier ma inne w\u0142a\u015bciwo\u015bci. Do polerowania powierzchni samolot\u00f3w stosujemy nie tylko przetestowane przez nas, wysokiej jako\u015bci produkty, lecz tak\u017ce opieramy si\u0119 na wieloletnim do\u015bwiadczeniu i specjalistycznej wiedzy. R\u00f3wnie istotne jest odpowiednie wyposa\u017cenie \u2013 nasze polerki zosta\u0142y zaprojektowane przez producent\u00f3w specjalnie z my\u015bl\u0105 o delikatnych, jednowarstwowych lakierach. Dzi\u0119ki temu mo\u017cemy zapewni\u0107 \u0142agodne, a zarazem skuteczne polerowanie oraz znakomity efekt ko\u0144cowy. Wsp\u00f3lnie z Tob\u0105 dobierzemy najlepsze rozwi\u0105zanie dla Twojego samolotu.<\/p>\n\t\t\t<h5>AERO POLISHING<\/h5><h1>POW\u0141OKA OCHRONNA<\/h1>\t\t\t\n\t\t\t\t<p>Nasza ceramiczna pow\u0142oka ochronna nie tylko nadaje powierzchni idealny, g\u0142\u0119boki po\u0142ysk, lecz r\u00f3wnie\u017c skutecznie chroni lakier oraz szyby z tworzywa sztucznego przed nowymi zabrudzeniami. U\u0142atwia to czyszczenie po locie i pozwala zaoszcz\u0119dzi\u0107 cenny czas. Co wi\u0119cej, pow\u0142oka przyczynia si\u0119 do wyra\u017anej poprawy w\u0142a\u015bciwo\u015bci aerodynamicznych samolotu.<\/p>\n\t\t\t<h1>Skuteczne rozwi\u0105zanie dla zachowania warto\u015bci Twojego samolotu:<\/h1><h4>Najwa\u017cniejsze cechy pow\u0142oki ceramicznej<\/h4>\t\t\t\n\t<ul>\n\t\t<li>\t\t\n\t\t\t\t<img decoding=\"async\" src=\"https:\/\/aero-polishing.de\/wp-content\/uploads\/2023\/08\/icon.png\" alt=\"icon\" title=\"icon\" itemprop=\"image\"\/>\n\t\t<h3>Pow\u0142oka antyadhezyjna<\/h3><p>Odpycha wod\u0119 i zabrudzenia, zapewniaj\u0105c d\u0142ugotrwa\u0142\u0105 ochron\u0119 i u\u0142atwiaj\u0105c czyszczenie<\/p><\/li><li>\t\t\n\t\t\t\t<img decoding=\"async\" src=\"https:\/\/aero-polishing.de\/wp-content\/uploads\/2023\/08\/icon.png\" alt=\"icon\" title=\"icon\" itemprop=\"image\"\/>\n\t\t<h3>Ochrona przed zarysowaniami<\/h3><p>Zwi\u0119ksza odporno\u015b\u0107 powierzchni na zu\u017cycie<\/p><\/li><li>\t\t\n\t\t\t\t<img decoding=\"async\" src=\"https:\/\/aero-polishing.de\/wp-content\/uploads\/2023\/08\/icon.png\" alt=\"icon\" title=\"icon\" itemprop=\"image\"\/>\n\t\t<h3>Ochrona przed korozj\u0105<\/h3><p>Bardzo g\u0119sta struktura pow\u0142oki skutecznie zapobiega powstawaniu rdzy<\/p><\/li>\t<\/ul>\n\t<ul>\n\t\t<li>\t\t\n\t\t\t\t<img decoding=\"async\" src=\"https:\/\/aero-polishing.de\/wp-content\/uploads\/2023\/08\/icon.png\" alt=\"icon\" title=\"icon\" itemprop=\"image\"\/>\n\t\t<h3>Ochrona UV<\/h3><p>Dzia\u0142anie anti-aging chroni wygl\u0105d i warto\u015b\u0107 powierzchni<\/p><\/li><li>\t\t\n\t\t\t\t<img decoding=\"async\" src=\"https:\/\/aero-polishing.de\/wp-content\/uploads\/2023\/08\/icon.png\" alt=\"icon\" title=\"icon\" itemprop=\"image\"\/>\n\t\t<h3>Wysoka odporno\u015b\u0107 na temperatur\u0119<\/h3><p>Zachowuje swoje w\u0142a\u015bciwo\u015bci zar\u00f3wno w wysokich, jak i niskich temperaturach<\/p><\/li><li>\t\t\n\t\t\t\t<img decoding=\"async\" src=\"https:\/\/aero-polishing.de\/wp-content\/uploads\/2023\/08\/icon.png\" alt=\"icon\" title=\"icon\" itemprop=\"image\"\/>\n\t\t<h3>Perfekcyjne wyko\u0144czenie<\/h3><p>Podkre\u015bla intensywno\u015b\u0107 koloru, nadaj\u0105c powierzchniom estetyczny, wyj\u0105tkowy po\u0142ysk<\/p><\/li>\t<\/ul>\n\t\t\t<h3>EFEKTY W SZCZEG\u00d3\u0141ACH:<\/h3><h4>OCHRONA PRZED KOROZJ\u0104<\/h4>\t\t\t\n\t\t\t\t<p>Warunki atmosferyczne, wysoka wilgotno\u015b\u0107 oraz inne wymagaj\u0105ce okoliczno\u015bci mog\u0105 prowadzi\u0107 do uszkodze\u0144 materia\u0142\u00f3w wskutek korozji i rdzy powierzchniowej.<\/p>\n\t\t\t\t<p>Nawet materia\u0142y na bazie aluminium s\u0105 podatne na korozj\u0119. Ka\u017cde uszkodzenie mo\u017ce negatywnie wp\u0142yn\u0105\u0107 na wygl\u0105d, a w niekt\u00f3rych przypadkach r\u00f3wnie\u017c na integralno\u015b\u0107 strukturaln\u0105.<\/p>\n\t\t\t<h5>AERO POLISHING<\/h5><h2>PODSTAWOWE CZYSZCZENIE SAMOLOTU (Klasa E) <\/h2>\t\t\t\n\t\t\t\t<p>Ch\u0119tnie przygotujemy dla Ciebie indywidualn\u0105 ofert\u0119.<\/p>\n\t\t\t<h5>AERO POLISHING<\/h5><h2>UNSER TOPSELLER ALL-IN-ONE KERAMIK<\/h2>\t\t\t\n\t\t\t\t<p>Ch\u0119tnie przygotujemy dla Ciebie indywidualn\u0105 ofert\u0119.<\/p>\n\t\t\t<h5>AERO POLISHING<\/h5><h2>DODATKI<\/h2>\t\t\t\n\t\t\t\t<p>Ch\u0119tnie przygotujemy dla Ciebie indywidualn\u0105 ofert\u0119.<\/p>\n\t\t\t<h1>Zadzwo\u0144 do nas<\/h1><h4>aby otrzyma\u0107 indywidualn\u0105 wycen\u0119!<\/h4>\t\t\t\n\t\t\t<a href=\"callto:+49 0176 34908322\" target=\"_self\"   role=\"button\" aria-label=\"+49 (0)176 34908322\">\n\t\t\t\t\t\t\t+49 (0)176 34908322\n\t\t<\/a>\n\t\t\t<h1>NASZE REALIZACJE<\/h1>\t\t\t\n\t\t\t<h1>Nie dajemy szans brudowi, olejowi i owadom!<\/h1><h3>Profesjonalne przygotowanie to klucz do perfekcyjnego efektu.<\/h3>\t\t\t\n\t\t\t<h3>Symulacja procesu przygotowania:<\/h3>\t\t\t\n\t\t\t\t<p>Nie daj szans zabrudzeniom \u2013 zadbaj o idealny wygl\u0105d swojego samolotu dzi\u0119ki trzem kluczowym etapom:<\/p>\n\t\t\t\t\t\t\t\t\t\t\t\t<img decoding=\"async\" src=\"https:\/\/aero-polishing.de\/wp-content\/uploads\/2023\/09\/przed4.jpg\" alt=\"Bevor\"\/>\n\t\t\t\t\t\t\t\t\t\t\t\t<img decoding=\"async\" src=\"https:\/\/aero-polishing.de\/wp-content\/uploads\/2023\/09\/po1.jpg\" alt=\"Danach\"\/>\n\t\t\t<h2>NASI PARTNERZY<\/h2>\t\t\t\n\t\t\t\t<a href=\"https:\/\/www.eisenschmidt.aero\/\" target=\"_blank\" rel=\"noopener\"  itemprop=\"url\">\n\t\t\t\t<img loading=\"lazy\" decoding=\"async\" src=\"https:\/\/aero-polishing.de\/wp-content\/uploads\/2023\/10\/Eisenschmidt-Logo-vertikal.png\" alt=\"Eisenschmidt-Logo-vertikal\" itemprop=\"image\" height=\"1049\" width=\"1874\" title=\"Eisenschmidt-Logo-vertikal\" onerror=\"this.style.display='none'\"  \/>\n\t\t\t\t<\/a>\n\t\t\t\t<a href=\"https:\/\/clouddancers.de\/\" target=\"_blank\" rel=\"noopener\"  itemprop=\"url\">\n\t\t\t\t<img loading=\"lazy\" decoding=\"async\" src=\"https:\/\/aero-polishing.de\/wp-content\/uploads\/2023\/09\/cd_logo_transparent.png\" alt=\"cd_logo_transparent\" itemprop=\"image\" height=\"61\" width=\"320\" title=\"cd_logo_transparent\" onerror=\"this.style.display='none'\"  \/>\n\t\t\t\t<\/a>\n\t\t\t\t<a href=\"https:\/\/flightparts.de\/\" target=\"_blank\" rel=\"noopener\"  itemprop=\"url\">\n\t\t\t\t<img loading=\"lazy\" decoding=\"async\" src=\"https:\/\/aero-polishing.de\/wp-content\/uploads\/2023\/09\/cropped-flightlogo-quadrat-180-x-180.webp\" alt=\"cropped-flightlogo-quadrat-180-x-180\" itemprop=\"image\" height=\"180\" width=\"180\" title=\"cropped-flightlogo-quadrat-180-x-180\" onerror=\"this.style.display='none'\"  \/>\n\t\t\t\t<\/a>","protected":false},"excerpt":{"rendered":"<p>Perfektion in jedem Detail Gl\u00e4nzendes Finish f\u00fcr H\u00f6henfl\u00fcge UNSERE ARBEITEN AERO POLISHING Reinigungsfragen Wir bringen f\u00fcr die perfekte Flugzeugaufbereitung unser Profi-Equipment zu Ihnen in den Hangar. Je nach Zustand des Lackes erstellen wir Ihnen ein ma\u00dfgeschneidertes Angebot. Nach der Politur erstrahlt beanspruchter Lack im neuen Glanz und abschlie\u00dfende Keramikversiegelung sch\u00fctzt Ihr Flugzeug vor Umwelteinfl\u00fcssen und&hellip;<\/p>","protected":false},"author":1,"featured_media":592,"parent":0,"menu_order":0,"comment_status":"closed","ping_status":"closed","template":"","meta":{"footnotes":""},"class_list":["post-176","page","type-page","status-publish","has-post-thumbnail","hentry"],"yoast_head":"<!-- This site is optimized with the Yoast SEO plugin v22.3 - https:\/\/yoast.com\/wordpress\/plugins\/seo\/ -->\n<title>AERO POLISHING<\/title>\n<meta name=\"description\" content=\"Wir von AERO POLISHING haben uns auf die professionelle Flugzeugreinigung, Flugzeugpolitur und die anschlie\u00dfende Keramikversiegelung spezialisiert. Wir nutzen ausschlie\u00dflich luftfahrtzugelassene Produkte f\u00fcr die Reinigung. Unsere Polituren und Poliermaschinen sind speziell f\u00fcr den empfindlichen Flugzeuglack konzipiert und getestet. \u00dcberlassen Sie die Flugzeugaufbereitung getrost den Profis von AERO POLISHING.\" \/>\n<meta name=\"robots\" content=\"index, follow, max-snippet:-1, max-image-preview:large, max-video-preview:-1\" \/>\n<link rel=\"canonical\" href=\"https:\/\/aero-polishing.de\/pl\/\" \/>\n<meta property=\"og:locale\" content=\"pl_PL\" \/>\n<meta property=\"og:type\" content=\"article\" \/>\n<meta property=\"og:title\" content=\"AERO POLISHING\" \/>\n<meta property=\"og:description\" content=\"Wir von AERO POLISHING haben uns auf die professionelle Flugzeugreinigung, Flugzeugpolitur und die anschlie\u00dfende Keramikversiegelung spezialisiert. Wir nutzen ausschlie\u00dflich luftfahrtzugelassene Produkte f\u00fcr die Reinigung. Unsere Polituren und Poliermaschinen sind speziell f\u00fcr den empfindlichen Flugzeuglack konzipiert und getestet. \u00dcberlassen Sie die Flugzeugaufbereitung getrost den Profis von AERO POLISHING.\" \/>\n<meta property=\"og:url\" content=\"https:\/\/aero-polishing.de\/pl\/\" \/>\n<meta property=\"og:site_name\" content=\"AERO POLISHING\" \/>\n<meta property=\"article:modified_time\" content=\"2025-04-30T09:12:25+00:00\" \/>\n<meta property=\"og:image\" content=\"https:\/\/aero-polishing.de\/wp-content\/uploads\/2023\/09\/cropped-favicon.png\" \/>\n\t<meta property=\"og:image:width\" content=\"512\" \/>\n\t<meta property=\"og:image:height\" content=\"512\" \/>\n\t<meta property=\"og:image:type\" content=\"image\/png\" \/>\n<meta name=\"twitter:card\" content=\"summary_large_image\" \/>\n<meta name=\"twitter:label1\" content=\"Szacowany czas czytania\" \/>\n\t<meta name=\"twitter:data1\" content=\"30 minut\" \/>\n<script type=\"application\/ld+json\" class=\"yoast-schema-graph\">{\"@context\":\"https:\/\/schema.org\",\"@graph\":[{\"@type\":\"WebPage\",\"@id\":\"https:\/\/aero-polishing.de\/\",\"url\":\"https:\/\/aero-polishing.de\/\",\"name\":\"AERO POLISHING\",\"isPartOf\":{\"@id\":\"https:\/\/aero-polishing.de\/#website\"},\"primaryImageOfPage\":{\"@id\":\"https:\/\/aero-polishing.de\/#primaryimage\"},\"image\":{\"@id\":\"https:\/\/aero-polishing.de\/#primaryimage\"},\"thumbnailUrl\":\"https:\/\/aero-polishing.de\/wp-content\/uploads\/2023\/09\/cropped-favicon.png\",\"datePublished\":\"2023-07-19T08:52:38+00:00\",\"dateModified\":\"2025-04-30T09:12:25+00:00\",\"description\":\"Wir von AERO POLISHING haben uns auf die professionelle Flugzeugreinigung, Flugzeugpolitur und die anschlie\u00dfende Keramikversiegelung spezialisiert. Wir nutzen ausschlie\u00dflich luftfahrtzugelassene Produkte f\u00fcr die Reinigung. Unsere Polituren und Poliermaschinen sind speziell f\u00fcr den empfindlichen Flugzeuglack konzipiert und getestet. \u00dcberlassen Sie die Flugzeugaufbereitung getrost den Profis von AERO POLISHING.\",\"breadcrumb\":{\"@id\":\"https:\/\/aero-polishing.de\/#breadcrumb\"},\"inLanguage\":\"pl-PL\",\"potentialAction\":[{\"@type\":\"ReadAction\",\"target\":[\"https:\/\/aero-polishing.de\/\"]}]},{\"@type\":\"ImageObject\",\"inLanguage\":\"pl-PL\",\"@id\":\"https:\/\/aero-polishing.de\/#primaryimage\",\"url\":\"https:\/\/aero-polishing.de\/wp-content\/uploads\/2023\/09\/cropped-favicon.png\",\"contentUrl\":\"https:\/\/aero-polishing.de\/wp-content\/uploads\/2023\/09\/cropped-favicon.png\",\"width\":512,\"height\":512},{\"@type\":\"BreadcrumbList\",\"@id\":\"https:\/\/aero-polishing.de\/#breadcrumb\",\"itemListElement\":[{\"@type\":\"ListItem\",\"position\":1,\"name\":\"Strona g\u0142\u00f3wna\",\"item\":\"https:\/\/aero-polishing.de\/\"},{\"@type\":\"ListItem\",\"position\":2,\"name\":\"AERO POLISHING\"}]},{\"@type\":\"WebSite\",\"@id\":\"https:\/\/aero-polishing.de\/#website\",\"url\":\"https:\/\/aero-polishing.de\/\",\"name\":\"AERO POLISHING\",\"description\":\"Gl\u00e4nzendes Finish f\u00fcr H\u00f6henfl\u00fcge\",\"publisher\":{\"@id\":\"https:\/\/aero-polishing.de\/#organization\"},\"potentialAction\":[{\"@type\":\"SearchAction\",\"target\":{\"@type\":\"EntryPoint\",\"urlTemplate\":\"https:\/\/aero-polishing.de\/?s={search_term_string}\"},\"query-input\":\"required name=search_term_string\"}],\"inLanguage\":\"pl-PL\"},{\"@type\":\"Organization\",\"@id\":\"https:\/\/aero-polishing.de\/#organization\",\"name\":\"AERO POLISHING\",\"url\":\"https:\/\/aero-polishing.de\/\",\"logo\":{\"@type\":\"ImageObject\",\"inLanguage\":\"pl-PL\",\"@id\":\"https:\/\/aero-polishing.de\/#\/schema\/logo\/image\/\",\"url\":\"https:\/\/aero-polish.de\/wp-content\/uploads\/2023\/08\/Logo.png\",\"contentUrl\":\"https:\/\/aero-polish.de\/wp-content\/uploads\/2023\/08\/Logo.png\",\"width\":2000,\"height\":1252,\"caption\":\"AERO POLISHING\"},\"image\":{\"@id\":\"https:\/\/aero-polishing.de\/#\/schema\/logo\/image\/\"}}]}<\/script>\n<!-- \/ Yoast SEO plugin. -->","yoast_head_json":{"title":"AERO POLISHING","description":"Wir von AERO POLISHING haben uns auf die professionelle Flugzeugreinigung, Flugzeugpolitur und die anschlie\u00dfende Keramikversiegelung spezialisiert. Wir nutzen ausschlie\u00dflich luftfahrtzugelassene Produkte f\u00fcr die Reinigung. Unsere Polituren und Poliermaschinen sind speziell f\u00fcr den empfindlichen Flugzeuglack konzipiert und getestet. \u00dcberlassen Sie die Flugzeugaufbereitung getrost den Profis von AERO POLISHING.","robots":{"index":"index","follow":"follow","max-snippet":"max-snippet:-1","max-image-preview":"max-image-preview:large","max-video-preview":"max-video-preview:-1"},"canonical":"https:\/\/aero-polishing.de\/pl\/","og_locale":"pl_PL","og_type":"article","og_title":"AERO POLISHING","og_description":"Wir von AERO POLISHING haben uns auf die professionelle Flugzeugreinigung, Flugzeugpolitur und die anschlie\u00dfende Keramikversiegelung spezialisiert. Wir nutzen ausschlie\u00dflich luftfahrtzugelassene Produkte f\u00fcr die Reinigung. Unsere Polituren und Poliermaschinen sind speziell f\u00fcr den empfindlichen Flugzeuglack konzipiert und getestet. \u00dcberlassen Sie die Flugzeugaufbereitung getrost den Profis von AERO POLISHING.","og_url":"https:\/\/aero-polishing.de\/pl\/","og_site_name":"AERO POLISHING","article_modified_time":"2025-04-30T09:12:25+00:00","og_image":[{"width":512,"height":512,"url":"https:\/\/aero-polishing.de\/wp-content\/uploads\/2023\/09\/cropped-favicon.png","type":"image\/png"}],"twitter_card":"summary_large_image","twitter_misc":{"Szacowany czas czytania":"30 minut"},"schema":{"@context":"https:\/\/schema.org","@graph":[{"@type":"WebPage","@id":"https:\/\/aero-polishing.de\/","url":"https:\/\/aero-polishing.de\/","name":"AERO POLISHING","isPartOf":{"@id":"https:\/\/aero-polishing.de\/#website"},"primaryImageOfPage":{"@id":"https:\/\/aero-polishing.de\/#primaryimage"},"image":{"@id":"https:\/\/aero-polishing.de\/#primaryimage"},"thumbnailUrl":"https:\/\/aero-polishing.de\/wp-content\/uploads\/2023\/09\/cropped-favicon.png","datePublished":"2023-07-19T08:52:38+00:00","dateModified":"2025-04-30T09:12:25+00:00","description":"Wir von AERO POLISHING haben uns auf die professionelle Flugzeugreinigung, Flugzeugpolitur und die anschlie\u00dfende Keramikversiegelung spezialisiert. Wir nutzen ausschlie\u00dflich luftfahrtzugelassene Produkte f\u00fcr die Reinigung. Unsere Polituren und Poliermaschinen sind speziell f\u00fcr den empfindlichen Flugzeuglack konzipiert und getestet. \u00dcberlassen Sie die Flugzeugaufbereitung getrost den Profis von AERO POLISHING.","breadcrumb":{"@id":"https:\/\/aero-polishing.de\/#breadcrumb"},"inLanguage":"pl-PL","potentialAction":[{"@type":"ReadAction","target":["https:\/\/aero-polishing.de\/"]}]},{"@type":"ImageObject","inLanguage":"pl-PL","@id":"https:\/\/aero-polishing.de\/#primaryimage","url":"https:\/\/aero-polishing.de\/wp-content\/uploads\/2023\/09\/cropped-favicon.png","contentUrl":"https:\/\/aero-polishing.de\/wp-content\/uploads\/2023\/09\/cropped-favicon.png","width":512,"height":512},{"@type":"BreadcrumbList","@id":"https:\/\/aero-polishing.de\/#breadcrumb","itemListElement":[{"@type":"ListItem","position":1,"name":"Strona g\u0142\u00f3wna","item":"https:\/\/aero-polishing.de\/"},{"@type":"ListItem","position":2,"name":"AERO POLISHING"}]},{"@type":"WebSite","@id":"https:\/\/aero-polishing.de\/#website","url":"https:\/\/aero-polishing.de\/","name":"AERO POLISHING","description":"Gl\u00e4nzendes Finish f\u00fcr H\u00f6henfl\u00fcge","publisher":{"@id":"https:\/\/aero-polishing.de\/#organization"},"potentialAction":[{"@type":"SearchAction","target":{"@type":"EntryPoint","urlTemplate":"https:\/\/aero-polishing.de\/?s={search_term_string}"},"query-input":"required name=search_term_string"}],"inLanguage":"pl-PL"},{"@type":"Organization","@id":"https:\/\/aero-polishing.de\/#organization","name":"AERO POLISHING","url":"https:\/\/aero-polishing.de\/","logo":{"@type":"ImageObject","inLanguage":"pl-PL","@id":"https:\/\/aero-polishing.de\/#\/schema\/logo\/image\/","url":"https:\/\/aero-polish.de\/wp-content\/uploads\/2023\/08\/Logo.png","contentUrl":"https:\/\/aero-polish.de\/wp-content\/uploads\/2023\/08\/Logo.png","width":2000,"height":1252,"caption":"AERO POLISHING"},"image":{"@id":"https:\/\/aero-polishing.de\/#\/schema\/logo\/image\/"}}]}},"_links":{"self":[{"href":"http:\/\/aero-polishing.de\/pl\/wp-json\/wp\/v2\/pages\/176","targetHints":{"allow":["GET"]}}],"collection":[{"href":"http:\/\/aero-polishing.de\/pl\/wp-json\/wp\/v2\/pages"}],"about":[{"href":"http:\/\/aero-polishing.de\/pl\/wp-json\/wp\/v2\/types\/page"}],"author":[{"embeddable":true,"href":"http:\/\/aero-polishing.de\/pl\/wp-json\/wp\/v2\/users\/1"}],"replies":[{"embeddable":true,"href":"http:\/\/aero-polishing.de\/pl\/wp-json\/wp\/v2\/comments?post=176"}],"version-history":[{"count":19,"href":"http:\/\/aero-polishing.de\/pl\/wp-json\/wp\/v2\/pages\/176\/revisions"}],"predecessor-version":[{"id":865,"href":"http:\/\/aero-polishing.de\/pl\/wp-json\/wp\/v2\/pages\/176\/revisions\/865"}],"wp:featuredmedia":[{"embeddable":true,"href":"http:\/\/aero-polishing.de\/pl\/wp-json\/wp\/v2\/media\/592"}],"wp:attachment":[{"href":"http:\/\/aero-polishing.de\/pl\/wp-json\/wp\/v2\/media?parent=176"}],"curies":[{"name":"wp","href":"https:\/\/api.w.org\/{rel}","templated":true}]}}