{"id":109,"date":"2023-07-13T16:19:08","date_gmt":"2023-07-13T16:19:08","guid":{"rendered":"http:\/\/s966125543.online.de\/?page_id=109"},"modified":"2023-10-10T12:55:21","modified_gmt":"2023-10-10T12:55:21","slug":"uber-uns","status":"publish","type":"page","link":"http:\/\/aero-polishing.de\/pl\/uber-uns","title":{"rendered":"O NAS"},"content":{"rendered":"<h5>O NAS<\/h5>\t\t\t\n\t\t\t\t<img decoding=\"async\" src=\"https:\/\/aero-polishing.de\/wp-content\/uploads\/2023\/10\/aero-polishing.jpg\" alt=\"aero-polishing\" title=\"aero-polishing\" itemprop=\"image\"  \/>\n\t\t\t<h1>Poznajmy si\u0119!<\/h1>\t\t\t\n\t\t\t\t<p>Nazywam si\u0119 Bj\u00f6rn Tretow i jestem za\u0142o\u017cycielem AERO POLISHING. Lotnictwo towarzyszy mi od m\u0142odo\u015bci \u2013 zaczyna\u0142em od szybowc\u00f3w, potem by\u0142y motoszybowce, a w ko\u0144cu zdoby\u0142em licencj\u0119 pilota turystycznego PPL(A) oraz uprawnienia instruktorskie.<\/p>\n<p>Po\u0142\u0105czy\u0142em pasj\u0119 z prac\u0105 \u2013 dzi\u015b jako instruktor lotniczy i specjalista w dziedzinie profesjonalnej piel\u0119gnacji samolot\u00f3w, oferuj\u0119 klientom kompleksowe us\u0142ugi na najwy\u017cszym poziomie.<\/p>\n<p>Dzi\u0119ki do\u015bwiadczeniu ze \u015bwiata szybowc\u00f3w i szkoleniom u partner\u00f3w bran\u017cowych, zbudowa\u0142em solidn\u0105 baz\u0119 teoretyczn\u0105 i praktyczn\u0105. Razem z moim zespo\u0142em dysponujemy pe\u0142nym wyposa\u017ceniem \u2013 od specjalistycznych \u015brodk\u00f3w po zaawansowane urz\u0105dzenia, wszystkie certyfikowane do u\u017cytku lotniczego. Brudny kad\u0142ub, zanieczyszczone wn\u0119trze, pozosta\u0142o\u015bci po owadach? Przywracamy blask i jeste\u015bmy przekonani, \u017ce ka\u017cdy samolot zas\u0142uguje na regularn\u0105, profesjonaln\u0105 piel\u0119gnacj\u0119. Skontaktuj si\u0119 ze mn\u0105 \u2013 <a href=\"mailto:moin@aero-polishing.de\">mailowo<\/a> lub telefonicznie. Z przyjemno\u015bci\u0105 pomog\u0119!<\/p>","protected":false},"excerpt":{"rendered":"<p>\u00dcBER UNS Das bin ich Mein Name ist Bj\u00f6rn Tretow. Ich bin Gr\u00fcnder der AERO POLISHING und die Fliegerei begleitet mich schon mehr als mein halbes Leben lang. In der Jugend begann ich mit dem Segelflug, sp\u00e4ter ging es mit dem Motorsegler in die Luft, bis ich schlie\u00dflich meine PPL (A), sowie meine Lehrberechtigung erlangte.&hellip;<\/p>","protected":false},"author":1,"featured_media":0,"parent":0,"menu_order":0,"comment_status":"closed","ping_status":"closed","template":"","meta":{"footnotes":""},"class_list":["post-109","page","type-page","status-publish","hentry"],"yoast_head":"<!-- This site is optimized with the Yoast SEO plugin v22.3 - https:\/\/yoast.com\/wordpress\/plugins\/seo\/ -->\n<title>\u00dcBER UNS - AERO POLISHING<\/title>\n<meta name=\"description\" content=\"Von Piloten f\u00fcr Piloten! \u2013 Profitieren Sie von mehr als 20 Jahren Erfahrung in der Luftfahrt. Das Team der AERO POLISHING besteht aus passionierten E-Klasse Piloten welche sich nicht nur mit der Flugzeugaufbereitung, sondern auch mit dem Fliegen richtig auskennen. Ihr Flugzeug ist f\u00fcr eine Aufbereitung bei uns gut aufgehoben.\" \/>\n<meta name=\"robots\" content=\"index, follow, max-snippet:-1, max-image-preview:large, max-video-preview:-1\" \/>\n<link rel=\"canonical\" href=\"https:\/\/aero-polishing.de\/pl\/uber-uns\/\" \/>\n<meta property=\"og:locale\" content=\"pl_PL\" \/>\n<meta property=\"og:type\" content=\"article\" \/>\n<meta property=\"og:title\" content=\"\u00dcBER UNS - AERO POLISHING\" \/>\n<meta property=\"og:description\" content=\"Von Piloten f\u00fcr Piloten! \u2013 Profitieren Sie von mehr als 20 Jahren Erfahrung in der Luftfahrt. Das Team der AERO POLISHING besteht aus passionierten E-Klasse Piloten welche sich nicht nur mit der Flugzeugaufbereitung, sondern auch mit dem Fliegen richtig auskennen. Ihr Flugzeug ist f\u00fcr eine Aufbereitung bei uns gut aufgehoben.\" \/>\n<meta property=\"og:url\" content=\"https:\/\/aero-polishing.de\/pl\/uber-uns\/\" \/>\n<meta property=\"og:site_name\" content=\"AERO POLISHING\" \/>\n<meta property=\"article:modified_time\" content=\"2023-10-10T12:55:21+00:00\" \/>\n<meta property=\"og:image\" content=\"https:\/\/aero-polishing.de\/wp-content\/uploads\/2023\/10\/aero-polishing.jpg\" \/>\n<meta name=\"twitter:card\" content=\"summary_large_image\" \/>\n<meta name=\"twitter:label1\" content=\"Szacowany czas czytania\" \/>\n\t<meta name=\"twitter:data1\" content=\"2 minuty\" \/>\n<script type=\"application\/ld+json\" class=\"yoast-schema-graph\">{\"@context\":\"https:\/\/schema.org\",\"@graph\":[{\"@type\":\"WebPage\",\"@id\":\"https:\/\/aero-polishing.de\/uber-uns\",\"url\":\"https:\/\/aero-polishing.de\/uber-uns\",\"name\":\"\u00dcBER UNS - AERO POLISHING\",\"isPartOf\":{\"@id\":\"https:\/\/aero-polishing.de\/#website\"},\"primaryImageOfPage\":{\"@id\":\"https:\/\/aero-polishing.de\/uber-uns#primaryimage\"},\"image\":{\"@id\":\"https:\/\/aero-polishing.de\/uber-uns#primaryimage\"},\"thumbnailUrl\":\"https:\/\/aero-polishing.de\/wp-content\/uploads\/2023\/10\/aero-polishing.jpg\",\"datePublished\":\"2023-07-13T16:19:08+00:00\",\"dateModified\":\"2023-10-10T12:55:21+00:00\",\"description\":\"Von Piloten f\u00fcr Piloten! \u2013 Profitieren Sie von mehr als 20 Jahren Erfahrung in der Luftfahrt. Das Team der AERO POLISHING besteht aus passionierten E-Klasse Piloten welche sich nicht nur mit der Flugzeugaufbereitung, sondern auch mit dem Fliegen richtig auskennen. Ihr Flugzeug ist f\u00fcr eine Aufbereitung bei uns gut aufgehoben.\",\"breadcrumb\":{\"@id\":\"https:\/\/aero-polishing.de\/uber-uns#breadcrumb\"},\"inLanguage\":\"pl-PL\",\"potentialAction\":[{\"@type\":\"ReadAction\",\"target\":[\"https:\/\/aero-polishing.de\/uber-uns\"]}]},{\"@type\":\"ImageObject\",\"inLanguage\":\"pl-PL\",\"@id\":\"https:\/\/aero-polishing.de\/uber-uns#primaryimage\",\"url\":\"https:\/\/aero-polishing.de\/wp-content\/uploads\/2023\/10\/aero-polishing.jpg\",\"contentUrl\":\"https:\/\/aero-polishing.de\/wp-content\/uploads\/2023\/10\/aero-polishing.jpg\",\"width\":1400,\"height\":957},{\"@type\":\"BreadcrumbList\",\"@id\":\"https:\/\/aero-polishing.de\/uber-uns#breadcrumb\",\"itemListElement\":[{\"@type\":\"ListItem\",\"position\":1,\"name\":\"Strona g\u0142\u00f3wna\",\"item\":\"https:\/\/aero-polishing.de\/\"},{\"@type\":\"ListItem\",\"position\":2,\"name\":\"\u00dcBER UNS\"}]},{\"@type\":\"WebSite\",\"@id\":\"https:\/\/aero-polishing.de\/#website\",\"url\":\"https:\/\/aero-polishing.de\/\",\"name\":\"AERO POLISHING\",\"description\":\"Gl\u00e4nzendes Finish f\u00fcr H\u00f6henfl\u00fcge\",\"publisher\":{\"@id\":\"https:\/\/aero-polishing.de\/#organization\"},\"potentialAction\":[{\"@type\":\"SearchAction\",\"target\":{\"@type\":\"EntryPoint\",\"urlTemplate\":\"https:\/\/aero-polishing.de\/?s={search_term_string}\"},\"query-input\":\"required name=search_term_string\"}],\"inLanguage\":\"pl-PL\"},{\"@type\":\"Organization\",\"@id\":\"https:\/\/aero-polishing.de\/#organization\",\"name\":\"AERO POLISHING\",\"url\":\"https:\/\/aero-polishing.de\/\",\"logo\":{\"@type\":\"ImageObject\",\"inLanguage\":\"pl-PL\",\"@id\":\"https:\/\/aero-polishing.de\/#\/schema\/logo\/image\/\",\"url\":\"https:\/\/aero-polish.de\/wp-content\/uploads\/2023\/08\/Logo.png\",\"contentUrl\":\"https:\/\/aero-polish.de\/wp-content\/uploads\/2023\/08\/Logo.png\",\"width\":2000,\"height\":1252,\"caption\":\"AERO POLISHING\"},\"image\":{\"@id\":\"https:\/\/aero-polishing.de\/#\/schema\/logo\/image\/\"}}]}<\/script>\n<!-- \/ Yoast SEO plugin. -->","yoast_head_json":{"title":"\u00dcBER UNS - AERO POLISHING","description":"Von Piloten f\u00fcr Piloten! \u2013 Profitieren Sie von mehr als 20 Jahren Erfahrung in der Luftfahrt. Das Team der AERO POLISHING besteht aus passionierten E-Klasse Piloten welche sich nicht nur mit der Flugzeugaufbereitung, sondern auch mit dem Fliegen richtig auskennen. Ihr Flugzeug ist f\u00fcr eine Aufbereitung bei uns gut aufgehoben.","robots":{"index":"index","follow":"follow","max-snippet":"max-snippet:-1","max-image-preview":"max-image-preview:large","max-video-preview":"max-video-preview:-1"},"canonical":"https:\/\/aero-polishing.de\/pl\/uber-uns\/","og_locale":"pl_PL","og_type":"article","og_title":"\u00dcBER UNS - AERO POLISHING","og_description":"Von Piloten f\u00fcr Piloten! \u2013 Profitieren Sie von mehr als 20 Jahren Erfahrung in der Luftfahrt. Das Team der AERO POLISHING besteht aus passionierten E-Klasse Piloten welche sich nicht nur mit der Flugzeugaufbereitung, sondern auch mit dem Fliegen richtig auskennen. Ihr Flugzeug ist f\u00fcr eine Aufbereitung bei uns gut aufgehoben.","og_url":"https:\/\/aero-polishing.de\/pl\/uber-uns\/","og_site_name":"AERO POLISHING","article_modified_time":"2023-10-10T12:55:21+00:00","og_image":[{"url":"https:\/\/aero-polishing.de\/wp-content\/uploads\/2023\/10\/aero-polishing.jpg"}],"twitter_card":"summary_large_image","twitter_misc":{"Szacowany czas czytania":"2 minuty"},"schema":{"@context":"https:\/\/schema.org","@graph":[{"@type":"WebPage","@id":"https:\/\/aero-polishing.de\/uber-uns","url":"https:\/\/aero-polishing.de\/uber-uns","name":"\u00dcBER UNS - AERO POLISHING","isPartOf":{"@id":"https:\/\/aero-polishing.de\/#website"},"primaryImageOfPage":{"@id":"https:\/\/aero-polishing.de\/uber-uns#primaryimage"},"image":{"@id":"https:\/\/aero-polishing.de\/uber-uns#primaryimage"},"thumbnailUrl":"https:\/\/aero-polishing.de\/wp-content\/uploads\/2023\/10\/aero-polishing.jpg","datePublished":"2023-07-13T16:19:08+00:00","dateModified":"2023-10-10T12:55:21+00:00","description":"Von Piloten f\u00fcr Piloten! \u2013 Profitieren Sie von mehr als 20 Jahren Erfahrung in der Luftfahrt. Das Team der AERO POLISHING besteht aus passionierten E-Klasse Piloten welche sich nicht nur mit der Flugzeugaufbereitung, sondern auch mit dem Fliegen richtig auskennen. Ihr Flugzeug ist f\u00fcr eine Aufbereitung bei uns gut aufgehoben.","breadcrumb":{"@id":"https:\/\/aero-polishing.de\/uber-uns#breadcrumb"},"inLanguage":"pl-PL","potentialAction":[{"@type":"ReadAction","target":["https:\/\/aero-polishing.de\/uber-uns"]}]},{"@type":"ImageObject","inLanguage":"pl-PL","@id":"https:\/\/aero-polishing.de\/uber-uns#primaryimage","url":"https:\/\/aero-polishing.de\/wp-content\/uploads\/2023\/10\/aero-polishing.jpg","contentUrl":"https:\/\/aero-polishing.de\/wp-content\/uploads\/2023\/10\/aero-polishing.jpg","width":1400,"height":957},{"@type":"BreadcrumbList","@id":"https:\/\/aero-polishing.de\/uber-uns#breadcrumb","itemListElement":[{"@type":"ListItem","position":1,"name":"Strona g\u0142\u00f3wna","item":"https:\/\/aero-polishing.de\/"},{"@type":"ListItem","position":2,"name":"\u00dcBER UNS"}]},{"@type":"WebSite","@id":"https:\/\/aero-polishing.de\/#website","url":"https:\/\/aero-polishing.de\/","name":"AERO POLISHING","description":"Gl\u00e4nzendes Finish f\u00fcr H\u00f6henfl\u00fcge","publisher":{"@id":"https:\/\/aero-polishing.de\/#organization"},"potentialAction":[{"@type":"SearchAction","target":{"@type":"EntryPoint","urlTemplate":"https:\/\/aero-polishing.de\/?s={search_term_string}"},"query-input":"required name=search_term_string"}],"inLanguage":"pl-PL"},{"@type":"Organization","@id":"https:\/\/aero-polishing.de\/#organization","name":"AERO POLISHING","url":"https:\/\/aero-polishing.de\/","logo":{"@type":"ImageObject","inLanguage":"pl-PL","@id":"https:\/\/aero-polishing.de\/#\/schema\/logo\/image\/","url":"https:\/\/aero-polish.de\/wp-content\/uploads\/2023\/08\/Logo.png","contentUrl":"https:\/\/aero-polish.de\/wp-content\/uploads\/2023\/08\/Logo.png","width":2000,"height":1252,"caption":"AERO POLISHING"},"image":{"@id":"https:\/\/aero-polishing.de\/#\/schema\/logo\/image\/"}}]}},"_links":{"self":[{"href":"http:\/\/aero-polishing.de\/pl\/wp-json\/wp\/v2\/pages\/109","targetHints":{"allow":["GET"]}}],"collection":[{"href":"http:\/\/aero-polishing.de\/pl\/wp-json\/wp\/v2\/pages"}],"about":[{"href":"http:\/\/aero-polishing.de\/pl\/wp-json\/wp\/v2\/types\/page"}],"author":[{"embeddable":true,"href":"http:\/\/aero-polishing.de\/pl\/wp-json\/wp\/v2\/users\/1"}],"replies":[{"embeddable":true,"href":"http:\/\/aero-polishing.de\/pl\/wp-json\/wp\/v2\/comments?post=109"}],"version-history":[{"count":0,"href":"http:\/\/aero-polishing.de\/pl\/wp-json\/wp\/v2\/pages\/109\/revisions"}],"wp:attachment":[{"href":"http:\/\/aero-polishing.de\/pl\/wp-json\/wp\/v2\/media?parent=109"}],"curies":[{"name":"wp","href":"https:\/\/api.w.org\/{rel}","templated":true}]}}